{"id":27192,"date":"2017-01-27T17:30:18","date_gmt":"2017-01-27T15:30:18","guid":{"rendered":"\/home\/"},"modified":"2026-03-17T11:37:59","modified_gmt":"2026-03-17T09:37:59","slug":"home","status":"publish","type":"page","link":"https:\/\/clinicaciro.es\/en\/","title":{"rendered":"Home"},"content":{"rendered":"<p>[et_pb_section bb_built=&#8221;1&#8243; admin_label=&#8221;section&#8221; background_color=&#8221;rgba(255,255,255,0)&#8221; fullwidth=&#8221;on&#8221; disabled_on=&#8221;off|off|off&#8221; custom_padding_last_edited=&#8221;on|phone&#8221; _builder_version=&#8221;3.0.76&#8243; background_image=&#8221;https:\/\/clinicaciro.es\/wp-content\/uploads\/2018\/02\/clinica-dental-madrid-mv.jpg&#8221; background_video_mp4=&#8221;\/wp-content\/uploads\/2017\/01\/Video-loop-Ciro-clinica-homepage-720-reducido.mp4&#8243; background_video_webm=&#8221;\/wp-content\/uploads\/2017\/01\/Video-loop-Ciro-clinica-homepage-720.webm&#8221; custom_padding=&#8221;0px|0px|0px|0px&#8221; custom_padding_tablet=&#8221;50px|0|50px|0&#8243; custom_padding_phone=&#8221;0px||0px|&#8221; transparent_background=&#8221;on&#8221;][et_pb_fullwidth_header title=&#8221;We design your smile&#8221; background_layout=&#8221;dark&#8221; text_orientation=&#8221;center&#8221; header_fullscreen=&#8221;on&#8221; header_scroll_down=&#8221;on&#8221; scroll_down_icon=&#8221;%22&#8243; button_one_text=&#8221;Play v\u00eddeo&#8221; button_two_text=&#8221;Book now&#8221; button_two_url=&#8221;\/en\/contact\/&#8221; background_overlay_color=&#8221;rgba(0,0,0,0.27)&#8221; image_orientation=&#8221;bottom&#8221; _builder_version=&#8221;3.0.76&#8243; title_font=&#8221;Raleway Light|||on|&#8221; title_font_size=&#8221;48px&#8221; subhead_font_size=&#8221;26px&#8221; custom_margin_phone=&#8221;0px|||&#8221; custom_margin_last_edited=&#8221;on|desktop&#8221; custom_padding_phone=&#8221;0px|||&#8221; custom_padding_last_edited=&#8221;on|phone&#8221; custom_button_two=&#8221;on&#8221; button_two_letter_spacing=&#8221;4px&#8221; button_two_font=&#8221;Raleway|||on|&#8221; button_two_icon=&#8221;\ue090&#8221; button_two_bg_color_hover=&#8221;#0c0c0c&#8221; button_two_letter_spacing_hover=&#8221;4px&#8221; custom_button_one=&#8221;on&#8221; button_one_bg_color=&#8221;rgba(0,0,0,0)&#8221; button_one_border_color=&#8221;#ffffff&#8221; button_one_letter_spacing=&#8221;4px&#8221; button_one_font=&#8221;Raleway|||on|&#8221; button_one_icon=&#8221;I&#8221; button_one_bg_color_hover=&#8221;#0c0c0c&#8221; button_one_border_color_hover=&#8221;#0c0c0c&#8221; button_one_border_radius_hover=&#8221;1px&#8221; button_one_letter_spacing_hover=&#8221;4px&#8221; animation_style=&#8221;zoom&#8221; animation_duration=&#8221;800ms&#8221; animation_delay=&#8221;100ms&#8221; animation_intensity_zoom=&#8221;10%&#8221; custom_css_title=&#8221;background-image: url(https:\/\/clinicaciro.es\/wp-content\/uploads\/2016\/recuadro_video_.svg); background-repeat: no-repeat; height: 125px; padding-top: 40px; letter-spacing: 7px;||background-position: center;&#8221; custom_css_scroll_button=&#8221;font-size: 50px; position: relative; -webkit-animation-name: example; -webkit-animation-duration: 2s; -webkit-transition: all 600ms cubic-bezier(0.68,-0.55,0.265,1.55); transition: all 600ms cubic-bezier(0.68,-0.55,0.265,1.55); -webkit-animation-iteration-count: infinite; animation-name: flecha-home; animation-duration: 2s; animation-iteration-count: infinite;&#8221; content_orientation=&#8221;center&#8221; button_two_icon_placement=&#8221;right&#8221; button_one_icon_placement=&#8221;right&#8221; \/][et_pb_fullwidth_code _builder_version=&#8221;3.0.47&#8243; \/][\/et_pb_section][et_pb_section bb_built=&#8221;1&#8243; admin_label=&#8221;section&#8221; custom_padding_last_edited=&#8221;on|phone&#8221; _builder_version=&#8221;3.0.76&#8243; custom_padding=&#8221;50px|0px|40px|0px&#8221; custom_padding_phone=&#8221;||0px|&#8221; module_class=&#8221;seccion-segunda-ingles&#8221;][et_pb_row admin_label=&#8221;row&#8221; custom_padding=&#8221;0px|0px|17px|0px&#8221; custom_padding_tablet=&#8221;||15px|&#8221; custom_padding_phone=&#8221;||0px|&#8221; column_padding_mobile=&#8221;on&#8221; custom_padding_last_edited=&#8221;on|tablet&#8221; _builder_version=&#8221;3.0.76&#8243; background_size=&#8221;initial&#8221; background_position=&#8221;top_left&#8221; background_repeat=&#8221;repeat&#8221;][et_pb_column type=&#8221;4_4&#8243;][et_pb_image src=&#8221;\/wp-content\/uploads\/2016\/11\/LOGO-CIRO-vertical-1000px.jpg&#8221; align=&#8221;center&#8221; _builder_version=&#8221;3.0.76&#8243; max_width=&#8221;500px&#8221; custom_margin=&#8221;||30px|&#8221; custom_margin_tablet=&#8221;||0px|&#8221; custom_margin_last_edited=&#8221;on|phone&#8221; animation_style=&#8221;slide&#8221; animation_direction=&#8221;bottom&#8221; animation_duration=&#8221;800ms&#8221; animation_delay=&#8221;300ms&#8221; animation_intensity_slide=&#8221;10%&#8221; animation=&#8221;bottom&#8221; \/][\/et_pb_column][\/et_pb_row][et_pb_row admin_label=&#8221;row&#8221; custom_padding=&#8221;0px|0px|0px|0px&#8221; padding_mobile=&#8221;off&#8221; make_equal=&#8221;on&#8221; column_padding_mobile=&#8221;on&#8221; parallax_method_1=&#8221;off&#8221; _builder_version=&#8221;3.0.76&#8243; background_size=&#8221;initial&#8221; background_position=&#8221;top_left&#8221; background_repeat=&#8221;repeat&#8221; custom_css_main_element=&#8221;z-index: 999999;&#8221;][et_pb_column type=&#8221;1_2&#8243;][et_pb_text _builder_version=&#8221;3.0.76&#8243; background_size=&#8221;initial&#8221; background_position=&#8221;top_left&#8221; background_repeat=&#8221;repeat&#8221; custom_padding=&#8221;|||&#8221; animation_style=&#8221;slide&#8221; animation_direction=&#8221;bottom&#8221; animation_duration=&#8221;800ms&#8221; animation_delay=&#8221;500ms&#8221; animation_intensity_slide=&#8221;10%&#8221;]<\/p>\n<div id=\"translation\">\n<p>At the CIRO Dental Clinic of <strong>Drs. Jim\u00e9nez<\/strong> we have been <strong>offering the best service to our patients for over\u00a040 years<\/strong>. Our team of professionals makes all kinds of dental treatments, always using the most innovative techniques and tools, and the most comfortable way for the patient.<\/p>\n<p>We offer all dental treatment and we are specialists at Dental Implants, Dental Aesthetics, Oral Rehabilitation, Periodontics, Invisible Orthodontics&#8230;<\/p>\n<\/div>\n<p>[\/et_pb_text][\/et_pb_column][et_pb_column type=&#8221;1_2&#8243;][et_pb_text _builder_version=&#8221;3.0.76&#8243; background_size=&#8221;initial&#8221; background_position=&#8221;top_left&#8221; background_repeat=&#8221;repeat&#8221; animation_style=&#8221;slide&#8221; animation_direction=&#8221;bottom&#8221; animation_duration=&#8221;800ms&#8221; animation_delay=&#8221;700ms&#8221; animation_intensity_slide=&#8221;10%&#8221; background_layout=&#8221;light&#8221; border_style=&#8221;solid&#8221;]<\/p>\n<p style=\"text-align: justify;\">We are located in the <strong>Salamanca district of Madrid<\/strong> and we have 1200 m\u00b2 of space, 15 individual cabinets and 4 waiting rooms to attend to our patients.<\/p>\n<p style=\"text-align: justify;\">It is very important for us that our patients receive excellent oral care in the best possible environment. The team of professionals is comprised of <strong>more than 35 people<\/strong>, all of them in continuous training, with the goal of always making their experience at our dental clinic exceptional.<br \/>\nThe total and combination of the knowledge of each specialty are key to improving a smile in general, both in function and aesthetics. You will find a multidisciplinary team at CIRO Clinic in Madrid.<\/p>\n<p>[\/et_pb_text][\/et_pb_column][\/et_pb_row][\/et_pb_section][et_pb_section bb_built=&#8221;1&#8243; admin_label=&#8221;section&#8221; parallax_1=&#8221;off&#8221; parallax_2=&#8221;off&#8221; parallax_3=&#8221;off&#8221; parallax_method_1=&#8221;on&#8221; parallax_method_2=&#8221;on&#8221; parallax_method_3=&#8221;on&#8221; custom_padding_last_edited=&#8221;on|tablet&#8221; _builder_version=&#8221;3.0.47&#8243; custom_padding=&#8221;0px|0px|41px|0px&#8221; custom_padding_tablet=&#8221;0px|||&#8221;][et_pb_row admin_label=&#8221;row&#8221; use_custom_width=&#8221;on&#8221; padding_mobile=&#8221;off&#8221; column_padding_mobile=&#8221;on&#8221; _builder_version=&#8221;3.0.47&#8243; background_size=&#8221;initial&#8221; background_position=&#8221;top_left&#8221; background_repeat=&#8221;repeat&#8221; _i=&#8221;0&#8243; _address=&#8221;2.0&#8243;][et_pb_column type=&#8221;4_4&#8243;][et_pb_image src=&#8221;https:\/\/clinicaciro.es\/wp-content\/uploads\/2022\/05\/colaboradores-ciro-2022.png&#8221; align=&#8221;center&#8221; _builder_version=&#8221;3.0.76&#8243; max_width=&#8221;350px&#8221; max_width_phone=&#8221;250px&#8221; max_width_last_edited=&#8221;on|phone&#8221; custom_margin_tablet=&#8221;|||&#8221; custom_margin_last_edited=&#8221;on|phone&#8221; animation_style=&#8221;slide&#8221; animation_direction=&#8221;bottom&#8221; animation_duration=&#8221;500ms&#8221; animation_delay=&#8221;500ms&#8221; animation_intensity_slide=&#8221;10%&#8221; animation=&#8221;bottom&#8221; show_in_lightbox=&#8221;off&#8221; url_new_window=&#8221;off&#8221; use_overlay=&#8221;off&#8221; always_center_on_mobile=&#8221;on&#8221; border_style=&#8221;solid&#8221; force_fullwidth=&#8221;off&#8221; show_bottom_space=&#8221;on&#8221; \/][et_pb_image src=&#8221;https:\/\/clinicaciro.es\/wp-content\/uploads\/2017\/01\/ciro-invisalign-diamond-provider.png&#8221; align=&#8221;center&#8221; _builder_version=&#8221;3.0.76&#8243; max_width=&#8221;350px&#8221; max_width_phone=&#8221;250px&#8221; max_width_last_edited=&#8221;on|phone&#8221; custom_margin_tablet=&#8221;|||&#8221; custom_margin_last_edited=&#8221;on|phone&#8221; animation_style=&#8221;slide&#8221; animation_direction=&#8221;bottom&#8221; animation_duration=&#8221;500ms&#8221; animation_delay=&#8221;500ms&#8221; animation_intensity_slide=&#8221;10%&#8221; animation=&#8221;bottom&#8221; \/][\/et_pb_column][\/et_pb_row][et_pb_row admin_label=&#8221;row&#8221; custom_padding=&#8221;50px|113px|30px|113px&#8221; padding_mobile=&#8221;off&#8221; column_padding_mobile=&#8221;on&#8221; module_id=&#8221;video-homepage&#8221; _builder_version=&#8221;3.0.47&#8243; background_size=&#8221;initial&#8221; background_position=&#8221;top_left&#8221; background_repeat=&#8221;repeat&#8221; _i=&#8221;1&#8243; _address=&#8221;2.1&#8243;][et_pb_column type=&#8221;4_4&#8243;][et_pb_video src=&#8221;https:\/\/www.youtube.com\/watch?v=oviebx7htPY&#8221; image_src=&#8221;\/wp-content\/uploads\/2017\/07\/video-presentacion-clinica-CIRO-homepage.jpg&#8221; disabled_on=&#8221;on|on|on&#8221; _builder_version=&#8221;3.0.76&#8243; animation_style=&#8221;slide&#8221; animation_direction=&#8221;bottom&#8221; animation_duration=&#8221;700ms&#8221; animation_delay=&#8221;500ms&#8221; animation_intensity_slide=&#8221;5%&#8221; disabled=&#8221;on&#8221; \/][et_pb_text module_class=&#8221;video-corporativo&#8221; _builder_version=&#8221;3.0.76&#8243; background_layout=&#8221;light&#8221; border_style=&#8221;solid&#8221;]<\/p>\n<a id=\"69fc9cbf938ec\" rel=\"wp-video-lightbox\" href=\"https:\/\/www.youtube.com\/watch?v=lqSZmZdXyoo&#038;rel=0&#038;width=1024&#038;height=768\" title=\"\"><img decoding=\"async\" src=\"https:\/\/clinicaciro.es\/wp-content\/uploads\/2022\/05\/portada-video-clinica-ciro-inicio.jpg\" class=\"video_lightbox_anchor_image\" alt=\"V\u00eddeo presentaci\u00f3n Cl\u00ednica CIRO\" \/><\/a>    <script>\r\n    \/* <![CDATA[ *\/\r\n    jQuery(document).ready(function($){\r\n        $(function(){\r\n            var width = $(window).innerWidth();\r\n            var setwidth = parseFloat(1024);\r\n            var ratio = parseFloat(0.75);\r\n            var height = parseFloat(768);\r\n            var link = 'https:\/\/www.youtube.com\/watch?v=lqSZmZdXyoo&amp;rel=0&amp;width=1024&amp;height=768';\r\n            if(width < setwidth)\r\n            {\r\n                height = Math.floor(width * 0.75);\r\n                \/\/console.log(\"device width \"+width+\", set width \"+1024+\", ratio \"+0.75+\", new height \"+ height);\r\n                var new_url = wpvl_paramReplace('width', link, width);\r\n                var new_url = wpvl_paramReplace('height', new_url, height);\r\n                $(\"a#69fc9cbf938ec\").attr('href', new_url);\r\n                \/\/console.log(new_url);\r\n            }\r\n        });\r\n    });\r\n    \/* ]]> *\/\r\n    <\/script>\n<p>[\/et_pb_text][\/et_pb_column][\/et_pb_row][\/et_pb_section]<\/p>\n","protected":false},"excerpt":{"rendered":"<p>[et_pb_section bb_built=&#8221;1&#8243; admin_label=&#8221;section&#8221; background_color=&#8221;rgba(255,255,255,0)&#8221; fullwidth=&#8221;on&#8221; disabled_on=&#8221;off|off|off&#8221; custom_padding_last_edited=&#8221;on|phone&#8221; _builder_version=&#8221;3.0.76&#8243; background_image=&#8221;https:\/\/clinicaciro.es\/wp-content\/uploads\/2018\/02\/clinica-dental-madrid-mv.jpg&#8221; background_video_mp4=&#8221;\/wp-content\/uploads\/2017\/01\/Video-loop-Ciro-clinica-homepage-720-reducido.mp4&#8243; background_video_webm=&#8221;\/wp-content\/uploads\/2017\/01\/Video-loop-Ciro-clinica-homepage-720.webm&#8221; custom_padding=&#8221;0px|0px|0px|0px&#8221; custom_padding_tablet=&#8221;50px|0|50px|0&#8243; custom_padding_phone=&#8221;0px||0px|&#8221; transparent_background=&#8221;on&#8221;][et_pb_fullwidth_header title=&#8221;We design your smile&#8221; background_layout=&#8221;dark&#8221; text_orientation=&#8221;center&#8221; header_fullscreen=&#8221;on&#8221; header_scroll_down=&#8221;on&#8221; scroll_down_icon=&#8221;%22&#8243; button_one_text=&#8221;Play v\u00eddeo&#8221; button_two_text=&#8221;Book now&#8221; button_two_url=&#8221;\/en\/contact\/&#8221; background_overlay_color=&#8221;rgba(0,0,0,0.27)&#8221; image_orientation=&#8221;bottom&#8221; _builder_version=&#8221;3.0.76&#8243; title_font=&#8221;Raleway Light|||on|&#8221; title_font_size=&#8221;48px&#8221; subhead_font_size=&#8221;26px&#8221; custom_margin_phone=&#8221;0px|||&#8221; custom_margin_last_edited=&#8221;on|desktop&#8221; custom_padding_phone=&#8221;0px|||&#8221; custom_padding_last_edited=&#8221;on|phone&#8221; custom_button_two=&#8221;on&#8221; button_two_letter_spacing=&#8221;4px&#8221; button_two_font=&#8221;Raleway|||on|&#8221; button_two_icon=&#8221;\ue090&#8221; button_two_bg_color_hover=&#8221;#0c0c0c&#8221; button_two_letter_spacing_hover=&#8221;4px&#8221; custom_button_one=&#8221;on&#8221; button_one_bg_color=&#8221;rgba(0,0,0,0)&#8221; button_one_border_color=&#8221;#ffffff&#8221; button_one_letter_spacing=&#8221;4px&#8221; button_one_font=&#8221;Raleway|||on|&#8221; button_one_icon=&#8221;I&#8221; button_one_bg_color_hover=&#8221;#0c0c0c&#8221; button_one_border_color_hover=&#8221;#0c0c0c&#8221; button_one_border_radius_hover=&#8221;1px&#8221; [&hellip;]<\/p>\n","protected":false},"author":7,"featured_media":0,"parent":0,"menu_order":0,"comment_status":"closed","ping_status":"closed","template":"elementor_header_footer","meta":{"footnotes":""},"class_list":["post-27192","page","type-page","status-publish","hentry"],"_links":{"self":[{"href":"https:\/\/clinicaciro.es\/en\/wp-json\/wp\/v2\/pages\/27192","targetHints":{"allow":["GET"]}}],"collection":[{"href":"https:\/\/clinicaciro.es\/en\/wp-json\/wp\/v2\/pages"}],"about":[{"href":"https:\/\/clinicaciro.es\/en\/wp-json\/wp\/v2\/types\/page"}],"author":[{"embeddable":true,"href":"https:\/\/clinicaciro.es\/en\/wp-json\/wp\/v2\/users\/7"}],"replies":[{"embeddable":true,"href":"https:\/\/clinicaciro.es\/en\/wp-json\/wp\/v2\/comments?post=27192"}],"version-history":[{"count":0,"href":"https:\/\/clinicaciro.es\/en\/wp-json\/wp\/v2\/pages\/27192\/revisions"}],"wp:attachment":[{"href":"https:\/\/clinicaciro.es\/en\/wp-json\/wp\/v2\/media?parent=27192"}],"curies":[{"name":"wp","href":"https:\/\/api.w.org\/{rel}","templated":true}]}}