{"id":27168,"date":"2017-01-26T19:57:58","date_gmt":"2017-01-26T17:57:58","guid":{"rendered":"\/contact-2\/"},"modified":"2024-09-02T08:14:38","modified_gmt":"2024-09-02T06:14:38","slug":"contact","status":"publish","type":"page","link":"https:\/\/clinicaciro.es\/en\/contact\/","title":{"rendered":"Contact"},"content":{"rendered":"<p>[et_pb_section bb_built=&#8221;1&#8243; admin_label=&#8221;section&#8221; custom_padding_last_edited=&#8221;on|tablet&#8221; _builder_version=&#8221;3.0.76&#8243; background_image=&#8221;\/wp-content\/uploads\/2016\/11\/Contacto-fondo-Clinica-CIRO-Madrid-.jpg&#8221; custom_padding=&#8221;0px|0px|0px|0px&#8221;][et_pb_row admin_label=&#8221;row&#8221; custom_padding=&#8221;37px||0px|&#8221; custom_padding_phone=&#8221;37px|0px|0px|0px&#8221; padding_mobile=&#8221;on&#8221; custom_margin=&#8221;|||&#8221; column_padding_mobile=&#8221;on&#8221; padding_top_1=&#8221; &#8221; padding_right_1=&#8221; &#8221; padding_bottom_1=&#8221; &#8221; padding_left_1=&#8221;30px&#8221; parallax_method_1=&#8221;off&#8221; module_class=&#8221;cuerpo-info&#8221; _builder_version=&#8221;3.0.76&#8243; background_size=&#8221;initial&#8221; background_position=&#8221;top_left&#8221; background_repeat=&#8221;repeat&#8221; _i=&#8221;0&#8243; _address=&#8221;0.0&#8243;][et_pb_column type=&#8221;2_3&#8243;][et_pb_divider height=&#8221;200px&#8221; disabled_on=&#8221;on|on|off&#8221; _builder_version=&#8221;3.0.47&#8243; \/][et_pb_text _builder_version=&#8221;3.0.47&#8243; text_font=&#8221;Playfair Display||||&#8221; text_font_size_phone=&#8221;52&#8243; text_text_color=&#8221;#ffffff&#8221; text_line_height=&#8221;1.2em&#8221; header_font_size_last_edited=&#8221;off|desktop&#8221; background_size=&#8221;initial&#8221; background_position=&#8221;top_left&#8221; background_repeat=&#8221;repeat&#8221; inline_fonts=&#8221;Roboto Light&#8221; _i=&#8221;1&#8243; _address=&#8221;0.0.0.1&#8243;]<\/p>\n<h1><span style=\"color: #000000; font-family: Roboto; font-weight: 100;\">A team at your service.<\/span><\/h1>\n<p>[\/et_pb_text][et_pb_code _builder_version=&#8221;3.0.76&#8243;]\n<div class=\"wpcf7 no-js\" id=\"wpcf7-f28872-o1\" lang=\"es-ES\" dir=\"ltr\" data-wpcf7-id=\"28872\">\n<div class=\"screen-reader-response\"><p role=\"status\" aria-live=\"polite\" aria-atomic=\"true\"><\/p> <ul><\/ul><\/div>\n<form action=\"\/en\/wp-json\/wp\/v2\/pages\/27168#wpcf7-f28872-o1\" method=\"post\" class=\"wpcf7-form init\" aria-label=\"Contact form\" novalidate=\"novalidate\" data-status=\"init\">\n<fieldset class=\"hidden-fields-container\"><input type=\"hidden\" name=\"_wpcf7\" value=\"28872\" \/><input type=\"hidden\" name=\"_wpcf7_version\" value=\"6.1.5\" \/><input type=\"hidden\" name=\"_wpcf7_locale\" value=\"es_ES\" \/><input type=\"hidden\" name=\"_wpcf7_unit_tag\" value=\"wpcf7-f28872-o1\" \/><input type=\"hidden\" name=\"_wpcf7_container_post\" value=\"0\" \/><input type=\"hidden\" name=\"_wpcf7_posted_data_hash\" value=\"\" \/><input type=\"hidden\" name=\"_wpcf7_recaptcha_response\" value=\"\" \/>\n<\/fieldset>\n<p class=\"subtitle-form\">BOOK AN APPOINTMENT ONLINE\n<\/p>\n<div class=\"fila-1\">\n\t<p class=\"celda\"><span class=\"wpcf7-form-control-wrap\" data-name=\"your-name\"><input size=\"40\" maxlength=\"400\" class=\"wpcf7-form-control wpcf7-text wpcf7-validates-as-required\" aria-required=\"true\" aria-invalid=\"false\" placeholder=\"Name\" value=\"\" type=\"text\" name=\"your-name\" \/><\/span>\n\t<\/p>\n\t<p class=\"celda\"><span class=\"wpcf7-form-control-wrap\" data-name=\"your-email\"><input size=\"40\" maxlength=\"400\" class=\"wpcf7-form-control wpcf7-email wpcf7-validates-as-required wpcf7-text wpcf7-validates-as-email\" aria-required=\"true\" aria-invalid=\"false\" placeholder=\"Email\" value=\"\" type=\"email\" name=\"your-email\" \/><\/span>\n\t<\/p>\n\t<p class=\"celda\"><span class=\"wpcf7-form-control-wrap\" data-name=\"your-phone\"><input size=\"40\" maxlength=\"400\" class=\"wpcf7-form-control wpcf7-text wpcf7-validates-as-required\" aria-required=\"true\" aria-invalid=\"false\" placeholder=\"Phone\" value=\"\" type=\"text\" name=\"your-phone\" \/><\/span>\n\t<\/p>\n<\/div>\n<p class=\"mensaje-txt\"><span class=\"wpcf7-form-control-wrap\" data-name=\"your-message\"><textarea cols=\"40\" rows=\"10\" maxlength=\"2000\" class=\"wpcf7-form-control wpcf7-textarea\" aria-invalid=\"false\" placeholder=\"Message\" name=\"your-message\"><\/textarea><\/span>\n<\/p>\n<div style=\"display: flex; align-items: center;\">\n\t<p><span class=\"wpcf7-form-control-wrap\" data-name=\"accept-this-1\"><span class=\"wpcf7-form-control wpcf7-acceptance\"><span class=\"wpcf7-list-item\"><input type=\"checkbox\" name=\"accept-this-1\" value=\"1\" aria-invalid=\"false\" \/><\/span><\/span><\/span><span style=\"margin-left: 10px; \">I acept the <a href=\"\/aviso-legal\/\">privacy policy<\/a> <\/span>\n\t<\/p>\n<\/div>\n<p id=\"submit-button\" class=\"btn-enviar\"><input class=\"wpcf7-form-control wpcf7-submit has-spinner\" type=\"submit\" value=\"Send\" \/>\n<\/p>\n<p class=\"let-peq\"><br \/>\nPerson in charge: Cl\u00ednica CIRO<br \/>\nPurpose: answer your query.<br \/>\nLegitimacy: Consent of the interested party.<br \/>\nRecipients: The data will be stored on our server, hosted in Fedriani Comercial Inform\u00e1tica, S.L. It will not be communicated with third parties.<br \/>\nRights: Access, rectification, deletion, limitation, portability and forgetting of the data.<br \/>\nMore information: <a class=\"enlace-form\" href=\"\/aviso-legal\/\"> Privacy Policy <\/a>\n<\/p><input type='hidden' class='wpcf7-pum' value='{\"closepopup\":false,\"closedelay\":0,\"openpopup\":false,\"openpopup_id\":0}' \/><div class=\"wpcf7-response-output\" aria-hidden=\"true\"><\/div>\n<\/form>\n<\/div>\n[\/et_pb_code][\/et_pb_column][et_pb_column type=&#8221;1_3&#8243;][et_pb_text admin_label=&#8221;DIRECCI\u00d3N&#8221; _builder_version=&#8221;3.0.76&#8243; text_font=&#8221;Montserrat|on|||&#8221; text_font_size=&#8221;24&#8243; text_text_color=&#8221;#ffffff&#8221; text_letter_spacing=&#8221;1&#8243; background_size=&#8221;initial&#8221; background_position=&#8221;top_left&#8221; background_repeat=&#8221;repeat&#8221; custom_margin=&#8221;||0px|&#8221;]<\/p>\n<p><span style=\"color: #000000;\">ADDRESS<\/span><\/p>\n<p>[\/et_pb_text][et_pb_text background_layout=&#8221;dark&#8221; module_class=&#8221;info-contacto&#8221; _builder_version=&#8221;3.0.76&#8243; text_font=&#8221;Playfair Display||||&#8221; text_font_size=&#8221;20&#8243; text_text_color=&#8221;#ffffff&#8221; text_line_height=&#8221;1.5em&#8221; background_size=&#8221;initial&#8221; background_position=&#8221;top_left&#8221; background_repeat=&#8221;repeat&#8221; custom_margin=&#8221;12px||0px|&#8221; custom_padding=&#8221;||0px|&#8221; custom_css_main_element=&#8221; -webkit-font-smoothing: subpixel-antialiased;&#8221; inline_fonts=&#8221;Roboto Light&#8221;]<\/p>\n<p style=\"font-family: Roboto;\">44 \u201cPr\u00edncipe de Vergara\u201d St., 1\u00baA<br \/>\n28001, Madrid<\/p>\n<p>[\/et_pb_text][et_pb_divider height=&#8221;40px&#8221; disabled_on=&#8221;off&#8221; _builder_version=&#8221;3.0.53&#8243; hide_on_mobile=&#8221;off&#8221; \/][et_pb_text admin_label=&#8221;DIRECCI\u00d3N&#8221; _builder_version=&#8221;3.0.47&#8243; text_font=&#8221;Montserrat|on|||&#8221; text_font_size=&#8221;24&#8243; text_text_color=&#8221;#ffffff&#8221; text_letter_spacing=&#8221;1&#8243; background_size=&#8221;initial&#8221; background_position=&#8221;top_left&#8221; background_repeat=&#8221;repeat&#8221; custom_margin=&#8221;||0px|&#8221; _i=&#8221;3&#8243; _address=&#8221;0.0.1.3&#8243;]<\/p>\n<p><span style=\"color: #000000;\">HOW TO GET HERE<\/span><\/p>\n<p>[\/et_pb_text][et_pb_text background_layout=&#8221;dark&#8221; module_class=&#8221;info-contacto&#8221; _builder_version=&#8221;3.0.76&#8243; text_font=&#8221;Playfair Display||||&#8221; text_font_size=&#8221;20&#8243; text_text_color=&#8221;#ffffff&#8221; text_line_height=&#8221;1.4em&#8221; background_size=&#8221;initial&#8221; background_position=&#8221;top_left&#8221; background_repeat=&#8221;repeat&#8221; custom_margin=&#8221;12px||0px|&#8221; custom_padding=&#8221;||0px|&#8221; custom_css_main_element=&#8221; -webkit-font-smoothing: subpixel-antialiased;&#8221; inline_fonts=&#8221;Roboto Light&#8221;]<\/p>\n<p><img decoding=\"async\" class=\"iconos-contacto parking\" src=\"\/wp-content\/uploads\/2016\/Feature_parking-Clinica-CIRO.svg\" alt=\"Parking Cl\u00ednica Ciro\" \/> <span style=\"font-family: Roboto;\">Parking: right near the clinic, at 8 &#8220;Plaza Marqu\u00e9s de Salamanca&#8221; square<\/span><\/p>\n<p><span style=\"font-family: Roboto;\"><img decoding=\"async\" class=\"iconos-contacto metro\" src=\"\/wp-content\/uploads\/2016\/MetroMadridLogo-Clinica-CIRO.svg\" alt=\"Metro Madrid\" \/> Metro: &#8220;N\u00fa\u00f1ez de Balboa&#8221; station, exit &#8220;Marqu\u00e9s de Salamanca&#8221;<\/span><\/p>\n<p><span style=\"font-family: Roboto;\"> <img decoding=\"async\" class=\"iconos-contacto bus\" src=\"\/wp-content\/uploads\/2016\/Bus-Madrid-Clinica-CIRO.svg\" alt=\"Bus Madrid Cl\u00ednica Ciro\" \/> Buses: 1, 29, 52, 74, 9, 19, 51<\/span><\/p>\n<p>[\/et_pb_text][et_pb_divider height=&#8221;40px&#8221; disabled_on=&#8221;off&#8221; _builder_version=&#8221;3.0.76&#8243; hide_on_mobile=&#8221;off&#8221; \/][et_pb_text admin_label=&#8221;Datos de contacto&#8221; _builder_version=&#8221;3.0.76&#8243; text_font=&#8221;Montserrat|on|||&#8221; text_font_size=&#8221;24&#8243; text_text_color=&#8221;#ffffff&#8221; text_letter_spacing=&#8221;1&#8243; background_size=&#8221;initial&#8221; background_position=&#8221;top_left&#8221; background_repeat=&#8221;repeat&#8221; custom_margin=&#8221;0px||0px|&#8221;]<\/p>\n<p><span style=\"color: #0c0c0c;\">CONTACT INFO<\/span><\/p>\n<p>[\/et_pb_text][et_pb_text module_class=&#8221;info-contacto&#8221; _builder_version=&#8221;3.0.76&#8243; text_font=&#8221;Roboto Light||||&#8221; text_font_size=&#8221;20&#8243; text_text_color=&#8221;#ffffff&#8221; background_size=&#8221;initial&#8221; background_position=&#8221;top_left&#8221; background_repeat=&#8221;repeat&#8221; custom_margin=&#8221;12px||0px|&#8221; custom_padding=&#8221;||0px|&#8221; custom_css_main_element=&#8221; -webkit-font-smoothing: subpixel-antialiased;&#8221;]<\/p>\n<p class=\"p1\" style=\"line-height: 1.8em;\">E-mail: <a style=\"color: #000000; text-decoration: underline;\" href=\"mailto:drsjimenez@clinicaciro.es\">drsjimenez@clinicaciro.es <\/a><br \/>\nTelephones:<br \/>\n<strong><a href=\"tel:0034915773944\">(+34) 91 577 39 44<\/a><br \/>\n<a href=\"tel:0034915773955\">(+34) 91 577 39 55<\/a><\/strong><br \/>\n<span class=\"whatsapp-footer whatsapp-contacto\"><a href=\"https:\/\/api.whatsapp.com\/send?phone=34674811255&amp;text=Full%20name:%0APhone number%20if%20different%20from%20this%20one:%0AWhen%20are%20you%20normally%20able%20to%20come%20to%20CIRO:%0AYour%20e-mail%20:\" target=\"_blank\" rel=\"noopener nofollow\" data-wpel-link=\"external\"><img decoding=\"async\" class=\"alignnone size-full wp-image-28180 logo-wa\" src=\"\/wp-content\/uploads\/2016\/12\/whatsapp-CIRO-logo.png?x19668\" alt=\"Whatsapp logo\" width=\"\" height=\"\" \/>WhatsApp 674 811 255<\/a><\/span><\/p>\n<p>[\/et_pb_text][et_pb_button button_url=&#8221;tel:0034915773944&#8243; button_text=&#8221;Call&#8221; disabled_on=&#8221;off|on|on&#8221; module_class=&#8221;boton-llamar-contacto&#8221; _builder_version=&#8221;3.0.76&#8243; custom_button=&#8221;on&#8221; button_text_color=&#8221;#ffffff&#8221; button_bg_color=&#8221;#00BC60&#8243; button_border_width=&#8221;0px&#8221; button_font=&#8221;Montserrat|on|||&#8221; button_icon=&#8221;\ue090&#8221; button_icon_placement=&#8221;left&#8221; button_on_hover=&#8221;off&#8221; custom_css_main_element=&#8221;box-shadow: 0px 3px 9px 0px rgba(0, 0, 0, 0.29);||&#8221; saved_tabs=&#8221;all&#8221; custom_margin=&#8221;20px|||&#8221; \/][et_pb_divider height=&#8221;40px&#8221; disabled_on=&#8221;off&#8221; _builder_version=&#8221;3.0.76&#8243; custom_css_main_element=&#8221;margin-bottom: 0px !important;&#8221; hide_on_mobile=&#8221;off&#8221; \/][et_pb_text admin_label=&#8221;Horario&#8221; _builder_version=&#8221;3.0.76&#8243; text_font=&#8221;Montserrat|on|||&#8221; text_font_size=&#8221;24&#8243; text_text_color=&#8221;#ffffff&#8221; text_letter_spacing=&#8221;1&#8243; background_size=&#8221;initial&#8221; background_position=&#8221;top_left&#8221; background_repeat=&#8221;repeat&#8221; custom_margin=&#8221;0px||0px|&#8221; _i=&#8221;10&#8243; _address=&#8221;0.0.1.10&#8243;]<\/p>\n<p><span style=\"color: #0c0c0c;\">HOURS<\/span><\/p>\n<p>[\/et_pb_text][et_pb_text background_layout=&#8221;dark&#8221; module_class=&#8221;info-contacto&#8221; _builder_version=&#8221;3.0.76&#8243; text_font=&#8221;Roboto||||&#8221; text_font_size=&#8221;18px&#8221; text_text_color=&#8221;#757575&#8243; text_line_height=&#8221;1.5em&#8221; background_size=&#8221;initial&#8221; background_position=&#8221;top_left&#8221; background_repeat=&#8221;repeat&#8221; max_width=&#8221;260px&#8221; custom_margin=&#8221;12px||0px|&#8221; custom_padding=&#8221;||0px|&#8221; custom_css_main_element=&#8221; -webkit-font-smoothing: subpixel-antialiased;&#8221; border_style=&#8221;solid&#8221;]<\/p>\n<p>Mon: 9:30 \u2013 20:00<br \/>\nTues: 9:30 \u2013 19:00<br \/>\nWed \u2013 Thurs: 8:30 \u2013 20:00<br \/>\nFri: 8:30 \u2013 19:00<\/p>\n<p>[\/et_pb_text][et_pb_divider height=&#8221;18&#8243; disabled_on=&#8221;off&#8221; _builder_version=&#8221;3.0.47&#8243; hide_on_mobile=&#8221;off&#8221; \/][\/et_pb_column][\/et_pb_row][\/et_pb_section][et_pb_section bb_built=&#8221;1&#8243; admin_label=&#8221;Section&#8221; fullwidth=&#8221;on&#8221; custom_padding_last_edited=&#8221;on|desktop&#8221; _builder_version=&#8221;3.0.76&#8243; custom_padding_tablet=&#8221;0px|0px|30px|0px&#8221; custom_padding_phone=&#8221;0px|0px|0px|0px&#8221;][et_pb_fullwidth_map admin_label=&#8221;Fullwidth Map&#8221; address=&#8221;Calle del Pr\u00edncipe de Vergara, 44, 28001 Madrid, Espa\u00f1a&#8221; zoom_level=&#8221;16&#8243; address_lat=&#8221;40.4290758&#8243; address_lng=&#8221;-3.6795676&#8243; mouse_wheel=&#8221;off&#8221; _builder_version=&#8221;3.0.47&#8243;]<\/p>\n<p>[et_pb_map_pin title=&#8221;CIRO Clinic&#8221; pin_address=&#8221;Calle del Pr\u00edncipe de Vergara, 44, 28001 Madrid, Espa\u00f1a&#8221; pin_address_lat=&#8221;40.4290758&#8243; pin_address_lng=&#8221;-3.6795676&#8243; _builder_version=&#8221;3.0.47&#8243;]Street: Pr\u00edncipe de Vergara 44, 1\u00baA[\/et_pb_map_pin]<\/p>\n<p>[\/et_pb_fullwidth_map][\/et_pb_section]<\/p>\n","protected":false},"excerpt":{"rendered":"<p>[et_pb_section bb_built=&#8221;1&#8243; admin_label=&#8221;section&#8221; custom_padding_last_edited=&#8221;on|tablet&#8221; _builder_version=&#8221;3.0.76&#8243; background_image=&#8221;\/wp-content\/uploads\/2016\/11\/Contacto-fondo-Clinica-CIRO-Madrid-.jpg&#8221; custom_padding=&#8221;0px|0px|0px|0px&#8221;][et_pb_row admin_label=&#8221;row&#8221; custom_padding=&#8221;37px||0px|&#8221; custom_padding_phone=&#8221;37px|0px|0px|0px&#8221; padding_mobile=&#8221;on&#8221; custom_margin=&#8221;|||&#8221; column_padding_mobile=&#8221;on&#8221; padding_top_1=&#8221; &#8221; padding_right_1=&#8221; &#8221; padding_bottom_1=&#8221; &#8221; padding_left_1=&#8221;30px&#8221; parallax_method_1=&#8221;off&#8221; module_class=&#8221;cuerpo-info&#8221; _builder_version=&#8221;3.0.76&#8243; background_size=&#8221;initial&#8221; background_position=&#8221;top_left&#8221; background_repeat=&#8221;repeat&#8221; _i=&#8221;0&#8243; _address=&#8221;0.0&#8243;][et_pb_column type=&#8221;2_3&#8243;][et_pb_divider height=&#8221;200px&#8221; disabled_on=&#8221;on|on|off&#8221; _builder_version=&#8221;3.0.47&#8243; \/][et_pb_text _builder_version=&#8221;3.0.47&#8243; text_font=&#8221;Playfair Display||||&#8221; text_font_size_phone=&#8221;52&#8243; text_text_color=&#8221;#ffffff&#8221; text_line_height=&#8221;1.2em&#8221; header_font_size_last_edited=&#8221;off|desktop&#8221; background_size=&#8221;initial&#8221; background_position=&#8221;top_left&#8221; background_repeat=&#8221;repeat&#8221; inline_fonts=&#8221;Roboto Light&#8221; _i=&#8221;1&#8243; _address=&#8221;0.0.0.1&#8243;] A team at your service. [\/et_pb_text][et_pb_code _builder_version=&#8221;3.0.76&#8243;][\/et_pb_code][\/et_pb_column][et_pb_column type=&#8221;1_3&#8243;][et_pb_text [&hellip;]<\/p>\n","protected":false},"author":7,"featured_media":0,"parent":0,"menu_order":0,"comment_status":"closed","ping_status":"closed","template":"","meta":{"footnotes":""},"class_list":["post-27168","page","type-page","status-publish","hentry"],"_links":{"self":[{"href":"https:\/\/clinicaciro.es\/en\/wp-json\/wp\/v2\/pages\/27168","targetHints":{"allow":["GET"]}}],"collection":[{"href":"https:\/\/clinicaciro.es\/en\/wp-json\/wp\/v2\/pages"}],"about":[{"href":"https:\/\/clinicaciro.es\/en\/wp-json\/wp\/v2\/types\/page"}],"author":[{"embeddable":true,"href":"https:\/\/clinicaciro.es\/en\/wp-json\/wp\/v2\/users\/7"}],"replies":[{"embeddable":true,"href":"https:\/\/clinicaciro.es\/en\/wp-json\/wp\/v2\/comments?post=27168"}],"version-history":[{"count":0,"href":"https:\/\/clinicaciro.es\/en\/wp-json\/wp\/v2\/pages\/27168\/revisions"}],"wp:attachment":[{"href":"https:\/\/clinicaciro.es\/en\/wp-json\/wp\/v2\/media?parent=27168"}],"curies":[{"name":"wp","href":"https:\/\/api.w.org\/{rel}","templated":true}]}}