{"id":27116,"date":"2017-01-24T12:49:58","date_gmt":"2017-01-24T10:49:58","guid":{"rendered":"\/bruxism-occlusion\/"},"modified":"2017-02-15T14:07:50","modified_gmt":"2017-02-15T12:07:50","slug":"bruxism-occlusion","status":"publish","type":"page","link":"https:\/\/clinicaciro.es\/en\/bruxism-occlusion\/","title":{"rendered":"Bruxism, TMJ and occlusion"},"content":{"rendered":"<p>[et_pb_section admin_label=&#8221;section&#8221; transparent_background=&#8221;off&#8221; background_color=&#8221;#f7f7f7&#8243; allow_player_pause=&#8221;off&#8221; inner_shadow=&#8221;off&#8221; parallax=&#8221;off&#8221; parallax_method=&#8221;off&#8221; custom_padding=&#8221;55px||0px|0px&#8221; padding_mobile=&#8221;on&#8221; make_fullwidth=&#8221;off&#8221; use_custom_width=&#8221;off&#8221; width_unit=&#8221;on&#8221; custom_width_px=&#8221;1080px&#8221; custom_width_percent=&#8221;80%&#8221; make_equal=&#8221;off&#8221; use_custom_gutter=&#8221;off&#8221; fullwidth=&#8221;off&#8221; specialty=&#8221;off&#8221; module_class=&#8221;seccion-pag-tratamiento&#8221; disabled=&#8221;off&#8221;][et_pb_row admin_label=&#8221;row&#8221; make_fullwidth=&#8221;off&#8221; use_custom_width=&#8221;off&#8221; width_unit=&#8221;off&#8221; custom_width_px=&#8221;1080px&#8221; custom_width_percent=&#8221;80%&#8221; use_custom_gutter=&#8221;off&#8221; gutter_width=&#8221;3&#8243; custom_padding=&#8221;|||&#8221; padding_mobile=&#8221;off&#8221; custom_margin=&#8221;|||&#8221; allow_player_pause=&#8221;off&#8221; parallax=&#8221;off&#8221; parallax_method=&#8221;on&#8221; make_equal=&#8221;off&#8221; column_padding_mobile=&#8221;on&#8221; parallax_1=&#8221;off&#8221; parallax_method_1=&#8221;on&#8221; parallax_2=&#8221;off&#8221; parallax_method_2=&#8221;on&#8221; parallax_3=&#8221;off&#8221; parallax_method_3=&#8221;on&#8221; parallax_4=&#8221;off&#8221; parallax_method_4=&#8221;on&#8221; module_class=&#8221;h1-responsive-ttos&#8221; disabled=&#8221;off&#8221;][et_pb_column type=&#8221;4_4&#8243;][et_pb_text admin_label=&#8221;Texto&#8221; background_layout=&#8221;light&#8221; text_orientation=&#8221;left&#8221; text_font=&#8221;Roboto Light||||&#8221; text_font_size=&#8221;60px&#8221; text_line_height=&#8221;1.8em&#8221; use_border_color=&#8221;off&#8221; border_style=&#8221;solid&#8221; custom_css_main_element=&#8221;font-weight:100;||-webkit-font-smoothing: subpixel-antialiased;&#8221; disabled=&#8221;off&#8221;]<\/p>\n<h1 style=\"text-align: center;\">Bruxism, TMJ\u00a0y occlusion<\/h1>\n<p>[\/et_pb_text][\/et_pb_column][\/et_pb_row][et_pb_row admin_label=&#8221;row&#8221; make_fullwidth=&#8221;off&#8221; use_custom_width=&#8221;off&#8221; width_unit=&#8221;on&#8221; custom_width_px=&#8221;780px&#8221; custom_width_percent=&#8221;80%&#8221; use_custom_gutter=&#8221;off&#8221; gutter_width=&#8221;3&#8243; custom_padding=&#8221;|||&#8221; padding_mobile=&#8221;off&#8221; background_image=&#8221;\/wp-content\/uploads\/2017\/01\/Bruxismo-ATM-oclusion-Clinica-dental-CIRO-Madrid.jpg&#8221; allow_player_pause=&#8221;off&#8221; parallax=&#8221;off&#8221; parallax_method=&#8221;off&#8221; make_equal=&#8221;off&#8221; column_padding_mobile=&#8221;on&#8221; parallax_1=&#8221;off&#8221; parallax_method_1=&#8221;off&#8221; parallax_2=&#8221;off&#8221; parallax_method_2=&#8221;on&#8221; parallax_3=&#8221;off&#8221; parallax_method_3=&#8221;on&#8221; parallax_4=&#8221;off&#8221; parallax_method_4=&#8221;on&#8221; disabled_on=&#8221;on|on|off&#8221; module_class=&#8221;imagen-ttos&#8221; custom_css_main_element=&#8221;background-position: 100% 100%;||background-size: cover;||background-repeat: no-repeat;&#8221; disabled=&#8221;off&#8221;][et_pb_column type=&#8221;4_4&#8243;][\/et_pb_column][\/et_pb_row][et_pb_row admin_label=&#8221;row&#8221; make_fullwidth=&#8221;off&#8221; use_custom_width=&#8221;off&#8221; width_unit=&#8221;on&#8221; custom_width_px=&#8221;780px&#8221; custom_width_percent=&#8221;80%&#8221; use_custom_gutter=&#8221;off&#8221; gutter_width=&#8221;3&#8243; custom_padding=&#8221;|||&#8221; padding_mobile=&#8221;off&#8221; allow_player_pause=&#8221;off&#8221; parallax=&#8221;off&#8221; parallax_method=&#8221;off&#8221; make_equal=&#8221;off&#8221; column_padding_mobile=&#8221;on&#8221; parallax_1=&#8221;off&#8221; parallax_method_1=&#8221;off&#8221; parallax_2=&#8221;off&#8221; parallax_method_2=&#8221;on&#8221; parallax_3=&#8221;off&#8221; parallax_method_3=&#8221;on&#8221; parallax_4=&#8221;off&#8221; parallax_method_4=&#8221;on&#8221; disabled_on=&#8221;off|off|on&#8221; module_class=&#8221;imagen-responsive-ttos&#8221; custom_css_main_element=&#8221;background-position: 100% 100%;||background-size: cover;||background-repeat: no-repeat;&#8221; disabled=&#8221;off&#8221;][et_pb_column type=&#8221;4_4&#8243;][et_pb_image admin_label=&#8221;Imagen&#8221; src=&#8221;\/wp-content\/uploads\/2017\/01\/Bruxismo-ATM-oclusion-Clinica-dental-CIRO-Madrid.jpg&#8221; show_in_lightbox=&#8221;off&#8221; url_new_window=&#8221;off&#8221; use_overlay=&#8221;off&#8221; sticky=&#8221;off&#8221; align=&#8221;left&#8221; force_fullwidth=&#8221;off&#8221; always_center_on_mobile=&#8221;on&#8221; use_border_color=&#8221;off&#8221; border_color=&#8221;#ffffff&#8221; border_width=&#8221;1px&#8221; border_style=&#8221;solid&#8221; disabled=&#8221;off&#8221;] [\/et_pb_image][\/et_pb_column][\/et_pb_row][et_pb_row admin_label=&#8221;Row&#8221; make_fullwidth=&#8221;on&#8221; use_custom_width=&#8221;off&#8221; width_unit=&#8221;on&#8221; custom_width_px=&#8221;1080px&#8221; custom_width_percent=&#8221;80%&#8221; use_custom_gutter=&#8221;on&#8221; gutter_width=&#8221;1&#8243; custom_padding=&#8221;|||&#8221; custom_padding_phone=&#8221;7px||0px|&#8221; padding_mobile=&#8221;on&#8221; allow_player_pause=&#8221;off&#8221; parallax=&#8221;off&#8221; parallax_method=&#8221;off&#8221; make_equal=&#8221;off&#8221; column_padding_mobile=&#8221;on&#8221; bg_img_2=&#8221;\/wp-content\/uploads\/2014\/05\/atm1.png&#8221; padding_top_1=&#8221; &#8221; padding_right_1=&#8221;4%&#8221; padding_bottom_1=&#8221; &#8221; padding_left_1=&#8221; 10%&#8221; parallax_1=&#8221;off&#8221; parallax_method_1=&#8221;off&#8221; parallax_2=&#8221;off&#8221; parallax_method_2=&#8221;off&#8221; parallax_3=&#8221;off&#8221; parallax_method_3=&#8221;off&#8221; parallax_4=&#8221;off&#8221; parallax_method_4=&#8221;on&#8221; custom_css_main_2=&#8221;background-position: 50%10%;&#8221; disabled_on=&#8221;on|on|off&#8221; module_class=&#8221;pag-ttos-fila&#8221; disabled=&#8221;off&#8221;][et_pb_column type=&#8221;2_3&#8243;][et_pb_text admin_label=&#8221;Text&#8221; background_layout=&#8221;light&#8221; text_orientation=&#8221;left&#8221; text_font=&#8221;Roboto Light||||&#8221; text_font_size=&#8221;17px&#8221; text_text_color=&#8221;#333&#8243; text_line_height=&#8221;1.5em&#8221; use_border_color=&#8221;off&#8221; border_style=&#8221;solid&#8221; custom_margin=&#8221;0px||0px|&#8221; custom_css_main_element=&#8221;font-weight:300;&#8221; disabled=&#8221;off&#8221;]<\/p>\n<p><strong>&#8211; \u00bfSiente dolores de cabeza, cara, cuello, o\u00eddo, hombros\u2026 y no sabe por qu\u00e9?<br \/>\n<\/strong><strong>&#8211; \u00bfMientras duerme le dicen que rechina los dientes o nota que est\u00e1 apretando?<br \/>\n<\/strong><strong>&#8211; \u00bfCuando abre la boca, escucha chasquidos en la mand\u00edbula en la zona del o\u00eddo?-\u00a0<\/strong><strong>\u00bfSiente mucha sobrecarga al masticar o al levantarse\u00a0por la ma\u00f1ana? \u00bfLe cuesta abrir del todo la boca?<\/strong><\/p>\n<p>Si siente alguno de estos problemas, se encuentra seguramente con alguna <strong>alteraci\u00f3n funcional del sistema masticatorio<\/strong>. Esta patolog\u00eda es <strong>frecuente en m\u00e1s de un 50% de la poblaci\u00f3n<\/strong>. Los problemas de la ATM (Articulaci\u00f3n T\u00e9mporomandibular), pueden llegar a producir importantes limitaciones en las funciones masticatorias y fonatoria.<\/p>\n<p>Su origen puede ser muy variado aunque est\u00e1 cl\u00ednicamente demostrado que la<strong> tensi\u00f3n, el estr\u00e9s y las alteraciones en la posici\u00f3n<\/strong> de los dientes, suelen confluir en el origen de este tipo de patolog\u00eda. Uno de los tipos de patolog\u00eda mas frecuente es el <strong>bruxismo<\/strong>, el\u00a0h\u00e1bito de<strong> apretar y rechinar los dientes<\/strong>. Generalmente ocurre durante el sue\u00f1o, apareciendo como consecuencia <strong>desgastes dentarios de forma irreversible<\/strong>, como si estuviese comiendo hielo mientras duerme.<\/p>\n<p><span style=\"background-color: #f7f7f7; font-size: 18px;\">El s\u00edntoma por el que los pacientes suelen acudir a la consulta,\u00a0 es por presencia de dolor agudo y puede afectar a la articulaci\u00f3n temporomandibular o los m\u00fasculos de la masticaci\u00f3n irradi\u00e1ndose \u00a0hacia la cara, o\u00eddo, cabeza y cuello.\u00a0<\/span><span style=\"background-color: #f7f7f7; font-size: 18px; font-weight: 600;\">M\u00e1s del 50% de los dolores de cabeza tienen esta etiolog\u00eda<\/span><span style=\"background-color: #f7f7f7; font-size: 18px;\">.<\/span><\/p>\n<p>&nbsp;<\/p>\n<p>[\/et_pb_text][\/et_pb_column][et_pb_column type=&#8221;1_3&#8243;][et_pb_divider admin_label=&#8221;Separador&#8221; color=&#8221;#ffffff&#8221; height=&#8221;400px&#8221; divider_style=&#8221;solid&#8221; divider_position=&#8221;top&#8221; divider_weight=&#8221;1px&#8221; hide_on_mobile=&#8221;on&#8221; disabled=&#8221;off&#8221;] [\/et_pb_divider][\/et_pb_column][\/et_pb_row][et_pb_row admin_label=&#8221;Row&#8221; make_fullwidth=&#8221;off&#8221; use_custom_width=&#8221;off&#8221; width_unit=&#8221;on&#8221; custom_width_px=&#8221;1080px&#8221; custom_width_percent=&#8221;80%&#8221; use_custom_gutter=&#8221;on&#8221; gutter_width=&#8221;1&#8243; custom_padding=&#8221;|||&#8221; custom_padding_phone=&#8221;7px||0px|&#8221; padding_mobile=&#8221;on&#8221; allow_player_pause=&#8221;off&#8221; parallax=&#8221;off&#8221; parallax_method=&#8221;off&#8221; make_equal=&#8221;off&#8221; column_padding_mobile=&#8221;on&#8221; parallax_1=&#8221;off&#8221; parallax_method_1=&#8221;off&#8221; parallax_2=&#8221;off&#8221; parallax_method_2=&#8221;off&#8221; parallax_3=&#8221;off&#8221; parallax_method_3=&#8221;off&#8221; parallax_4=&#8221;off&#8221; parallax_method_4=&#8221;on&#8221; custom_css_main_2=&#8221;background-position: 50%10%;&#8221; disabled_on=&#8221;off|off|on&#8221; module_class=&#8221;pag-ttos-fila-responsive&#8221; disabled=&#8221;off&#8221;][et_pb_column type=&#8221;4_4&#8243;][et_pb_image admin_label=&#8221;Imagen&#8221; src=&#8221;\/wp-content\/uploads\/2014\/05\/atm1.png&#8221; show_in_lightbox=&#8221;off&#8221; url_new_window=&#8221;off&#8221; use_overlay=&#8221;off&#8221; sticky=&#8221;off&#8221; align=&#8221;left&#8221; force_fullwidth=&#8221;off&#8221; always_center_on_mobile=&#8221;on&#8221; use_border_color=&#8221;off&#8221; border_color=&#8221;#ffffff&#8221; border_width=&#8221;1px&#8221; border_style=&#8221;solid&#8221; disabled=&#8221;off&#8221;] [\/et_pb_image][et_pb_text admin_label=&#8221;Text&#8221; background_layout=&#8221;light&#8221; text_orientation=&#8221;left&#8221; module_class=&#8221;p-ttos-responsive&#8221; text_font=&#8221;Roboto Light||||&#8221; text_font_size=&#8221;17px&#8221; text_text_color=&#8221;#333333&#8243; text_line_height=&#8221;1.5em&#8221; use_border_color=&#8221;off&#8221; border_style=&#8221;solid&#8221; custom_margin=&#8221;|||&#8221; custom_css_main_element=&#8221;font-weight:300;&#8221; disabled=&#8221;off&#8221;]<\/p>\n<p><strong>&#8211; \u00bfSiente dolores de cabeza, cara, cuello, o\u00eddo, hombros\u2026 y no sabe por qu\u00e9?<br \/>\n<\/strong><strong>&#8211; \u00bfMientras duerme le dicen que rechina los dientes o nota que est\u00e1 apretando?<br \/>\n<\/strong><strong>&#8211; \u00bfCuando abre la boca, escucha chasquidos en la mand\u00edbula en la zona del o\u00eddo?-\u00a0<\/strong><strong>\u00bfSiente mucha sobrecarga al masticar o al levantarse\u00a0por la ma\u00f1ana? \u00bfLe cuesta abrir del todo la boca?<\/strong><\/p>\n<p>Si siente alguno de estos problemas, se encuentra seguramente con alguna <strong>alteraci\u00f3n funcional del sistema masticatorio<\/strong>. Esta patolog\u00eda es <strong>frecuente en m\u00e1s de un 50% de la poblaci\u00f3n<\/strong>. Los problemas de la ATM (Articulaci\u00f3n T\u00e9mporomandibular), pueden llegar a producir importantes limitaciones en las funciones masticatorias y fonatoria.<\/p>\n<p>Su origen puede ser muy variado aunque est\u00e1 cl\u00ednicamente demostrado que la<strong> tensi\u00f3n, el estr\u00e9s y las alteraciones en la posici\u00f3n<\/strong> de los dientes, suelen confluir en el origen de este tipo de patolog\u00eda. Uno de los tipos de patolog\u00eda mas frecuente es el <strong>bruxismo<\/strong>, el\u00a0h\u00e1bito de<strong> apretar y rechinar los dientes<\/strong>. Generalmente ocurre durante el sue\u00f1o, apareciendo como consecuencia <strong>desgastes dentarios de forma irreversible<\/strong>, como si estuviese comiendo hielo mientras duerme.<\/p>\n<p><span style=\"background-color: #f7f7f7; font-size: 18px;\">El s\u00edntoma por el que los pacientes suelen acudir a la consulta,\u00a0 es por presencia de dolor agudo y puede afectar a la articulaci\u00f3n temporomandibular o los m\u00fasculos de la masticaci\u00f3n irradi\u00e1ndose \u00a0hacia la cara, o\u00eddo, cabeza y cuello.\u00a0<\/span><span style=\"background-color: #f7f7f7; font-size: 18px; font-weight: 600;\">M\u00e1s del 50% de los dolores de cabeza tienen esta etiolog\u00eda<\/span><span style=\"background-color: #f7f7f7; font-size: 18px;\">.<\/span><\/p>\n<p>&nbsp;<\/p>\n<p>[\/et_pb_text][\/et_pb_column][\/et_pb_row][et_pb_row admin_label=&#8221;row&#8221; make_fullwidth=&#8221;off&#8221; use_custom_width=&#8221;off&#8221; width_unit=&#8221;off&#8221; custom_width_px=&#8221;1080px&#8221; custom_width_percent=&#8221;80%&#8221; use_custom_gutter=&#8221;off&#8221; gutter_width=&#8221;3&#8243; allow_player_pause=&#8221;off&#8221; parallax=&#8221;off&#8221; parallax_method=&#8221;on&#8221; make_equal=&#8221;off&#8221; parallax_1=&#8221;off&#8221; parallax_method_1=&#8221;on&#8221; parallax_2=&#8221;off&#8221; parallax_method_2=&#8221;on&#8221; parallax_3=&#8221;off&#8221; parallax_method_3=&#8221;on&#8221; parallax_4=&#8221;off&#8221; parallax_method_4=&#8221;on&#8221; module_class=&#8221;fila-volver&#8221; disabled=&#8221;off&#8221;][et_pb_column type=&#8221;4_4&#8243;][et_pb_text admin_label=&#8221;Texto&#8221; background_layout=&#8221;light&#8221; text_orientation=&#8221;left&#8221; module_class=&#8221;volver-a-ttos&#8221; use_border_color=&#8221;off&#8221; border_style=&#8221;solid&#8221; disabled=&#8221;off&#8221; border_color=&#8221;#ffffff&#8221;]<\/p>\n<p><a href=\"\/en\/treatments\/\">\u00ab Back to treatments<\/a><\/p>\n<p>[\/et_pb_text][\/et_pb_column][\/et_pb_row][\/et_pb_section][et_pb_section admin_label=&#8221;Secci\u00f3n&#8221; transparent_background=&#8221;off&#8221; background_color=&#8221;#ffffff&#8221; allow_player_pause=&#8221;off&#8221; inner_shadow=&#8221;off&#8221; parallax=&#8221;off&#8221; parallax_method=&#8221;on&#8221; custom_padding=&#8221;|||&#8221; make_fullwidth=&#8221;off&#8221; use_custom_width=&#8221;off&#8221; width_unit=&#8221;off&#8221; custom_width_px=&#8221;1080px&#8221; custom_width_percent=&#8221;80%&#8221; make_equal=&#8221;off&#8221; use_custom_gutter=&#8221;off&#8221; fullwidth=&#8221;off&#8221; specialty=&#8221;off&#8221; disabled_on=&#8221;off|off|off&#8221; custom_padding_last_edited=&#8221;off|desktop&#8221; disabled=&#8221;off&#8221;][et_pb_row admin_label=&#8221;row&#8221; make_fullwidth=&#8221;off&#8221; use_custom_width=&#8221;on&#8221; width_unit=&#8221;off&#8221; custom_width_px=&#8221;1080px&#8221; custom_width_percent=&#8221;90%&#8221; use_custom_gutter=&#8221;off&#8221; gutter_width=&#8221;1&#8243; custom_padding=&#8221;|||&#8221; custom_margin=&#8221;|||&#8221; background_color=&#8221;rgba(229,229,229,0)&#8221; allow_player_pause=&#8221;off&#8221; parallax=&#8221;off&#8221; parallax_method=&#8221;on&#8221; make_equal=&#8221;off&#8221; column_padding_mobile=&#8221;on&#8221; parallax_1=&#8221;off&#8221; parallax_method_1=&#8221;on&#8221; parallax_2=&#8221;off&#8221; parallax_method_2=&#8221;on&#8221; parallax_3=&#8221;off&#8221; parallax_method_3=&#8221;on&#8221; parallax_4=&#8221;off&#8221; parallax_method_4=&#8221;on&#8221; module_class=&#8221;CTA-fila1&#8243; custom_padding_last_edited=&#8221;off|desktop&#8221; disabled=&#8221;off&#8221;][et_pb_column type=&#8221;4_4&#8243;][et_pb_text admin_label=&#8221;Texto&#8221; background_layout=&#8221;dark&#8221; text_orientation=&#8221;left&#8221; header_font=&#8221;||||&#8221; header_text_color=&#8221;#5b5b5b&#8221; text_font=&#8221;||||&#8221; use_border_color=&#8221;off&#8221; border_style=&#8221;solid&#8221; custom_margin=&#8221;||0px|&#8221; custom_padding=&#8221;||0px|&#8221; custom_css_main_element=&#8221;font-weight:100;||-webkit-font-smoothing: subpixel-antialiased;&#8221; disabled=&#8221;off&#8221; inline_fonts=&#8221;Roboto Light&#8221;]<\/p>\n<h2 style=\"text-align: center;\"><span style=\"font-family: Roboto; font-weight: 100; color: #5b5b5b;\">Book\u00a0an appointment<\/span><\/h2>\n<p>[\/et_pb_text][\/et_pb_column][\/et_pb_row][et_pb_row admin_label=&#8221;row&#8221; make_fullwidth=&#8221;on&#8221; use_custom_width=&#8221;on&#8221; width_unit=&#8221;off&#8221; custom_width_px=&#8221;1080px&#8221; custom_width_percent=&#8221;100%&#8221; use_custom_gutter=&#8221;on&#8221; gutter_width=&#8221;2&#8243; custom_padding=&#8221;|||&#8221; padding_mobile=&#8221;off&#8221; background_color=&#8221;rgba(229,229,229,0)&#8221; allow_player_pause=&#8221;off&#8221; parallax=&#8221;off&#8221; parallax_method=&#8221;on&#8221; make_equal=&#8221;off&#8221; column_padding_mobile=&#8221;on&#8221; parallax_1=&#8221;off&#8221; parallax_method_1=&#8221;on&#8221; parallax_2=&#8221;off&#8221; parallax_method_2=&#8221;on&#8221; parallax_3=&#8221;off&#8221; parallax_method_3=&#8221;on&#8221; parallax_4=&#8221;off&#8221; parallax_method_4=&#8221;on&#8221; module_class_1=&#8221;col-CTA col-CTA-i&#8221; module_class_2=&#8221;col-CTA col-CTA-d&#8221; module_class=&#8221;CTA-fila2&#8243; custom_css_main_element=&#8221;width: 100%;&#8221; disabled=&#8221;off&#8221;][et_pb_column type=&#8221;1_2&#8243;][et_pb_button admin_label=&#8221;Bot\u00f3n&#8221; button_url=&#8221;\/?page_id=3139\/&#8221; url_new_window=&#8221;off&#8221; button_text=&#8221;Book&#8221; button_alignment=&#8221;right&#8221; background_layout=&#8221;light&#8221; module_class=&#8221;CTA-boton CTA-boton1&#8243; custom_button=&#8221;on&#8221; button_text_size=&#8221;20&#8243; button_border_width=&#8221;0px&#8221; button_font=&#8221;|||on|&#8221; button_use_icon=&#8221;on&#8221; button_icon=&#8221;N&#8221; button_icon_placement=&#8221;right&#8221; button_on_hover=&#8221;on&#8221; button_letter_spacing_hover=&#8221;0&#8243; disabled=&#8221;off&#8221;] [\/et_pb_button][\/et_pb_column][et_pb_column type=&#8221;1_2&#8243;][et_pb_button admin_label=&#8221;Bot\u00f3n&#8221; button_url=&#8221;tel:0034915773944&#8243; url_new_window=&#8221;off&#8221; button_text=&#8221;Call&#8221; button_alignment=&#8221;left&#8221; background_layout=&#8221;light&#8221; module_class=&#8221;CTA-boton&#8221; custom_button=&#8221;on&#8221; button_text_size=&#8221;20&#8243; button_border_width=&#8221;0px&#8221; button_font=&#8221;|||on|&#8221; button_use_icon=&#8221;on&#8221; button_icon=&#8221;\ue090&#8221; button_icon_placement=&#8221;right&#8221; button_on_hover=&#8221;on&#8221; button_letter_spacing_hover=&#8221;0&#8243; disabled=&#8221;off&#8221;] [\/et_pb_button][\/et_pb_column][\/et_pb_row][\/et_pb_section]<\/p>\n","protected":false},"excerpt":{"rendered":"<p>[et_pb_section admin_label=&#8221;section&#8221; transparent_background=&#8221;off&#8221; background_color=&#8221;#f7f7f7&#8243; allow_player_pause=&#8221;off&#8221; inner_shadow=&#8221;off&#8221; parallax=&#8221;off&#8221; parallax_method=&#8221;off&#8221; custom_padding=&#8221;55px||0px|0px&#8221; padding_mobile=&#8221;on&#8221; make_fullwidth=&#8221;off&#8221; use_custom_width=&#8221;off&#8221; width_unit=&#8221;on&#8221; custom_width_px=&#8221;1080px&#8221; custom_width_percent=&#8221;80%&#8221; make_equal=&#8221;off&#8221; use_custom_gutter=&#8221;off&#8221; fullwidth=&#8221;off&#8221; specialty=&#8221;off&#8221; module_class=&#8221;seccion-pag-tratamiento&#8221; disabled=&#8221;off&#8221;][et_pb_row admin_label=&#8221;row&#8221; make_fullwidth=&#8221;off&#8221; use_custom_width=&#8221;off&#8221; width_unit=&#8221;off&#8221; custom_width_px=&#8221;1080px&#8221; custom_width_percent=&#8221;80%&#8221; use_custom_gutter=&#8221;off&#8221; gutter_width=&#8221;3&#8243; custom_padding=&#8221;|||&#8221; padding_mobile=&#8221;off&#8221; custom_margin=&#8221;|||&#8221; allow_player_pause=&#8221;off&#8221; parallax=&#8221;off&#8221; parallax_method=&#8221;on&#8221; make_equal=&#8221;off&#8221; column_padding_mobile=&#8221;on&#8221; parallax_1=&#8221;off&#8221; parallax_method_1=&#8221;on&#8221; parallax_2=&#8221;off&#8221; parallax_method_2=&#8221;on&#8221; parallax_3=&#8221;off&#8221; parallax_method_3=&#8221;on&#8221; parallax_4=&#8221;off&#8221; parallax_method_4=&#8221;on&#8221; module_class=&#8221;h1-responsive-ttos&#8221; disabled=&#8221;off&#8221;][et_pb_column type=&#8221;4_4&#8243;][et_pb_text admin_label=&#8221;Texto&#8221; background_layout=&#8221;light&#8221; text_orientation=&#8221;left&#8221; text_font=&#8221;Roboto Light||||&#8221; text_font_size=&#8221;60px&#8221; text_line_height=&#8221;1.8em&#8221; [&hellip;]<\/p>\n","protected":false},"author":7,"featured_media":0,"parent":0,"menu_order":0,"comment_status":"closed","ping_status":"closed","template":"","meta":{"footnotes":""},"class_list":["post-27116","page","type-page","status-publish","hentry"],"_links":{"self":[{"href":"https:\/\/clinicaciro.es\/en\/wp-json\/wp\/v2\/pages\/27116","targetHints":{"allow":["GET"]}}],"collection":[{"href":"https:\/\/clinicaciro.es\/en\/wp-json\/wp\/v2\/pages"}],"about":[{"href":"https:\/\/clinicaciro.es\/en\/wp-json\/wp\/v2\/types\/page"}],"author":[{"embeddable":true,"href":"https:\/\/clinicaciro.es\/en\/wp-json\/wp\/v2\/users\/7"}],"replies":[{"embeddable":true,"href":"https:\/\/clinicaciro.es\/en\/wp-json\/wp\/v2\/comments?post=27116"}],"version-history":[{"count":0,"href":"https:\/\/clinicaciro.es\/en\/wp-json\/wp\/v2\/pages\/27116\/revisions"}],"wp:attachment":[{"href":"https:\/\/clinicaciro.es\/en\/wp-json\/wp\/v2\/media?parent=27116"}],"curies":[{"name":"wp","href":"https:\/\/api.w.org\/{rel}","templated":true}]}}